{"id":1225,"date":"2016-09-27T11:01:31","date_gmt":"2016-09-27T11:01:31","guid":{"rendered":"https:\/\/www.nickelsdorf.gv.at\/vs-neu\/?page_id=1225"},"modified":"2024-09-16T09:04:25","modified_gmt":"2024-09-16T09:04:25","slug":"lesenacht-3-schulstufe","status":"publish","type":"page","link":"https:\/\/www.vs.nickelsdorf.at\/?page_id=1225","title":{"rendered":"Lesenacht oder Leseabend 3.Schulstufe"},"content":{"rendered":"<p>In der 3. Schulstufe findet eine <strong>Lesenacht\/Leseabend<\/strong> statt. Ziel ist die verst\u00e4rkte Motivation zum Lesen.<\/p>\n<p>Die Sch\u00fclerInnen treffen sich am fr\u00fchen Abend, bringen eigene B\u00fccher mit und tauschen untereinander ihre Lieblingsb\u00fccher aus.<\/p>\n<p>Neben einem lustigen und spannenden Rundumprogramm steht vor allem das Lesen im Mittelpunkt und daher wird auch bis in die Nacht hineinlesen. Danach wird auf einem kuscheligen Mattenlager geschlafen. Nach einem Fr\u00fchst\u00fcck, das die Eltern organisieren, werden die Kinder entlassen.<\/p>\n","protected":false},"excerpt":{"rendered":"<p>In der 3. Schulstufe findet eine Lesenacht\/Leseabend statt. Ziel ist die verst\u00e4rkte Motivation zum Lesen. Die Sch\u00fclerInnen treffen sich am fr\u00fchen Abend, bringen eigene B\u00fccher mit und tauschen untereinander ihre Lieblingsb\u00fccher aus. Neben einem lustigen und spannenden Rundumprogramm steht vor allem das Lesen im Mittelpunkt und daher wird auch bis in die Nacht hineinlesen. Danach [&hellip;]<\/p>\n","protected":false},"author":1,"featured_media":0,"parent":0,"menu_order":0,"comment_status":"closed","ping_status":"closed","template":"","meta":{"footnotes":""},"class_list":["post-1225","page","type-page","status-publish","hentry"],"_links":{"self":[{"href":"https:\/\/www.vs.nickelsdorf.at\/index.php?rest_route=\/wp\/v2\/pages\/1225","targetHints":{"allow":["GET"]}}],"collection":[{"href":"https:\/\/www.vs.nickelsdorf.at\/index.php?rest_route=\/wp\/v2\/pages"}],"about":[{"href":"https:\/\/www.vs.nickelsdorf.at\/index.php?rest_route=\/wp\/v2\/types\/page"}],"author":[{"embeddable":true,"href":"https:\/\/www.vs.nickelsdorf.at\/index.php?rest_route=\/wp\/v2\/users\/1"}],"replies":[{"embeddable":true,"href":"https:\/\/www.vs.nickelsdorf.at\/index.php?rest_route=%2Fwp%2Fv2%2Fcomments&post=1225"}],"version-history":[{"count":3,"href":"https:\/\/www.vs.nickelsdorf.at\/index.php?rest_route=\/wp\/v2\/pages\/1225\/revisions"}],"predecessor-version":[{"id":5569,"href":"https:\/\/www.vs.nickelsdorf.at\/index.php?rest_route=\/wp\/v2\/pages\/1225\/revisions\/5569"}],"wp:attachment":[{"href":"https:\/\/www.vs.nickelsdorf.at\/index.php?rest_route=%2Fwp%2Fv2%2Fmedia&parent=1225"}],"curies":[{"name":"wp","href":"https:\/\/api.w.org\/{rel}","templated":true}]}}