{"id":1227,"date":"2016-09-27T11:01:59","date_gmt":"2016-09-27T11:01:59","guid":{"rendered":"https:\/\/www.nickelsdorf.gv.at\/vs-neu\/?page_id=1227"},"modified":"2023-09-27T10:42:54","modified_gmt":"2023-09-27T10:42:54","slug":"projekttage-der-4-schulstufe","status":"publish","type":"page","link":"https:\/\/www.vs.nickelsdorf.at\/?page_id=1227","title":{"rendered":"Projekttage der 4.Schulstufe"},"content":{"rendered":"<p>Jedes Schuljahr finden im <strong>Mai oder Juni<\/strong> zum Abschluss der Volksschulzeit Projekttage f\u00fcr die Sch\u00fclerInnen der 4.Klasse statt, die 3 Tage dauern. Diese Tage haben immer ein Thema in Sachunterricht zum Ziel, das kann soziales Lernen betreffen oder auch Themen wie \u201eDie R\u00f6mer\u201c oder \u201eDas Burgenland entdecken\u201c. Neben dem unterrichtlichen Aspekt steht hier auch eine lebenslange sch\u00f6ne Erinnerung an die Volksschulzeit im Vordergrund, an die sich die Sch\u00fclerInnen gerne zur\u00fcckerinnern k\u00f6nnen.<\/p>\n","protected":false},"excerpt":{"rendered":"<p>Jedes Schuljahr finden im Mai oder Juni zum Abschluss der Volksschulzeit Projekttage f\u00fcr die Sch\u00fclerInnen der 4.Klasse statt, die 3 Tage dauern. Diese Tage haben immer ein Thema in Sachunterricht zum Ziel, das kann soziales Lernen betreffen oder auch Themen wie \u201eDie R\u00f6mer\u201c oder \u201eDas Burgenland entdecken\u201c. Neben dem unterrichtlichen Aspekt steht hier auch eine [&hellip;]<\/p>\n","protected":false},"author":1,"featured_media":0,"parent":0,"menu_order":0,"comment_status":"closed","ping_status":"closed","template":"","meta":{"footnotes":""},"class_list":["post-1227","page","type-page","status-publish","hentry"],"_links":{"self":[{"href":"https:\/\/www.vs.nickelsdorf.at\/index.php?rest_route=\/wp\/v2\/pages\/1227","targetHints":{"allow":["GET"]}}],"collection":[{"href":"https:\/\/www.vs.nickelsdorf.at\/index.php?rest_route=\/wp\/v2\/pages"}],"about":[{"href":"https:\/\/www.vs.nickelsdorf.at\/index.php?rest_route=\/wp\/v2\/types\/page"}],"author":[{"embeddable":true,"href":"https:\/\/www.vs.nickelsdorf.at\/index.php?rest_route=\/wp\/v2\/users\/1"}],"replies":[{"embeddable":true,"href":"https:\/\/www.vs.nickelsdorf.at\/index.php?rest_route=%2Fwp%2Fv2%2Fcomments&post=1227"}],"version-history":[{"count":3,"href":"https:\/\/www.vs.nickelsdorf.at\/index.php?rest_route=\/wp\/v2\/pages\/1227\/revisions"}],"predecessor-version":[{"id":4956,"href":"https:\/\/www.vs.nickelsdorf.at\/index.php?rest_route=\/wp\/v2\/pages\/1227\/revisions\/4956"}],"wp:attachment":[{"href":"https:\/\/www.vs.nickelsdorf.at\/index.php?rest_route=%2Fwp%2Fv2%2Fmedia&parent=1227"}],"curies":[{"name":"wp","href":"https:\/\/api.w.org\/{rel}","templated":true}]}}