{"id":123,"date":"2015-02-17T15:40:22","date_gmt":"2015-02-17T15:40:22","guid":{"rendered":"https:\/\/www.nickelsdorf.gv.at\/vs-neu\/?page_id=123"},"modified":"2025-09-15T11:25:12","modified_gmt":"2025-09-15T11:25:12","slug":"uebergang-kindergarten-volksschule-gestalten","status":"publish","type":"page","link":"https:\/\/www.vs.nickelsdorf.at\/?page_id=123","title":{"rendered":"\u00dcbergang Kindergarten &#8211; Volksschule gestalten"},"content":{"rendered":"<p>Sehr wichtig ist uns der reibungslose Start ins Schulleben. Bereits bei der Einschreibung trennen wir zwischen administrativen Erledigungen, die die Eltern betreffen und dem ersten Treffen des Kindergartenkindes mit der Schulleiterin und den Lehrerinnen und Lehrern. Im Stationenbetrieb und unter Einbeziehung der Sprachheillehrerin werden die bereits vorhandenen Kompetenzen bzw. Defizite des Kindergartenkindes eruiert, um bereits vorweg, wenn notwendig, einen F\u00f6rderplan erstellen zu k\u00f6nnen. So kann im September gleich von Beginn des Schuljahres weg effizient und individuell gearbeitet werden.<\/p>\n<p>Weiters laden wir die Schulneulinge bereits zu verschiedensten Aktivit\u00e4ten und Projekten zu uns in die Schule ein, damit die Kinder schon einige Monate vorher die anderen Sch\u00fclerinnen und Sch\u00fcler und Lehrerinnen und Lehrer sowie das Schulgeb\u00e4ude kennenlernen k\u00f6nnen. Damit wollen wir einen angstfreien und reibungslosen Start zum Schulbeginn erm\u00f6glichen.<\/p>\n<p>&nbsp;<\/p>\n","protected":false},"excerpt":{"rendered":"<p>Sehr wichtig ist uns der reibungslose Start ins Schulleben. Bereits bei der Einschreibung trennen wir zwischen administrativen Erledigungen, die die Eltern betreffen und dem ersten Treffen des Kindergartenkindes mit der Schulleiterin und den Lehrerinnen und Lehrern. Im Stationenbetrieb und unter Einbeziehung der Sprachheillehrerin werden die bereits vorhandenen Kompetenzen bzw. Defizite des Kindergartenkindes eruiert, um bereits [&hellip;]<\/p>\n","protected":false},"author":1,"featured_media":0,"parent":0,"menu_order":0,"comment_status":"closed","ping_status":"closed","template":"","meta":{"footnotes":""},"class_list":["post-123","page","type-page","status-publish","hentry"],"_links":{"self":[{"href":"https:\/\/www.vs.nickelsdorf.at\/index.php?rest_route=\/wp\/v2\/pages\/123","targetHints":{"allow":["GET"]}}],"collection":[{"href":"https:\/\/www.vs.nickelsdorf.at\/index.php?rest_route=\/wp\/v2\/pages"}],"about":[{"href":"https:\/\/www.vs.nickelsdorf.at\/index.php?rest_route=\/wp\/v2\/types\/page"}],"author":[{"embeddable":true,"href":"https:\/\/www.vs.nickelsdorf.at\/index.php?rest_route=\/wp\/v2\/users\/1"}],"replies":[{"embeddable":true,"href":"https:\/\/www.vs.nickelsdorf.at\/index.php?rest_route=%2Fwp%2Fv2%2Fcomments&post=123"}],"version-history":[{"count":6,"href":"https:\/\/www.vs.nickelsdorf.at\/index.php?rest_route=\/wp\/v2\/pages\/123\/revisions"}],"predecessor-version":[{"id":6177,"href":"https:\/\/www.vs.nickelsdorf.at\/index.php?rest_route=\/wp\/v2\/pages\/123\/revisions\/6177"}],"wp:attachment":[{"href":"https:\/\/www.vs.nickelsdorf.at\/index.php?rest_route=%2Fwp%2Fv2%2Fmedia&parent=123"}],"curies":[{"name":"wp","href":"https:\/\/api.w.org\/{rel}","templated":true}]}}