{"id":13,"date":"2015-02-10T15:18:19","date_gmt":"2015-02-10T15:18:19","guid":{"rendered":"https:\/\/www.nickelsdorf.gv.at\/vs-neu\/?page_id=13"},"modified":"2025-10-15T08:30:52","modified_gmt":"2025-10-15T08:30:52","slug":"elternverein","status":"publish","type":"page","link":"https:\/\/www.vs.nickelsdorf.at\/?page_id=13","title":{"rendered":"Elternverein"},"content":{"rendered":"<p><b>&#8222;Durch das gemeinschaftliche und \u00fcbereinstimmende Handeln der Lehrer und Eltern kann allein etwas Wirksames zustande kommen.&#8220; <\/b>(G.W.F. Hegel)<\/p>\n<p>Der <b>Elternverein<\/b> ist ein freiwilliger Zusammenschluss von Erziehungsberechtigten der Kinder einer Schule auf privatrechtlicher Basis und ist im Schulunterrichtsgesetz gesetzlich verankert. Er unterst\u00fctzt die Schule in ihrer Arbeit sowohl in finanzieller Hinsicht als auch in p\u00e4dagogischen und organisatorischen Belangen. Bei der Jahreshauptversammlung werden die Funktion\u00e4rInnen dieses Vereins von allen Mitgliedern gew\u00e4hlt.<\/p>\n<p><b>Der Elternverein der Volksschule Nickelsdorf setzt sich aus folgenden Personen zusammen:<\/b><\/p>\n<h2><a name=\"00000198700ca0953\"><\/a>Elternvereinsteam<\/h2>\n<p>&nbsp;<\/p>\n<table class=\"content\" width=\"100%\" cellspacing=\"1\">\n<tbody>\n<tr class=\"header\">\n<td class=\"headercell\" align=\"left\" valign=\"top\" width=\"25%\"><strong>Funktion<\/strong><\/td>\n<td class=\"headercell\" align=\"left\" valign=\"top\" width=\"75%\"><strong>Name<\/strong><\/td>\n<\/tr>\n<tr class=\"even\">\n<td class=\"headercell\" align=\"left\" valign=\"top\" width=\"25%\">Vorsitzende<\/td>\n<td class=\"cell\" align=\"left\" valign=\"top\" width=\"75%\">Birgit Meixner-Braun<\/td>\n<\/tr>\n<tr class=\"odd\">\n<td class=\"headercell\" align=\"left\" valign=\"top\" width=\"25%\">Stellvertreterin<\/td>\n<td class=\"cell\" align=\"left\" valign=\"top\" width=\"75%\">Birgit Gr\u00fcnwald<\/td>\n<\/tr>\n<tr class=\"even\">\n<td class=\"headercell\" align=\"left\" valign=\"top\" width=\"25%\">Schriftf\u00fchrerin<\/td>\n<td class=\"cell\" align=\"left\" valign=\"top\" width=\"75%\">Sabrina Guth<\/td>\n<\/tr>\n<tr class=\"odd\">\n<td class=\"headercell\" align=\"left\" valign=\"top\" width=\"25%\">Stellvertreterin<\/td>\n<td class=\"cell\" align=\"left\" valign=\"top\" width=\"75%\">Christina Schopf<\/td>\n<\/tr>\n<tr class=\"even\">\n<td class=\"headercell\" align=\"left\" valign=\"top\" width=\"25%\">Kassier\/in<\/td>\n<td class=\"cell\" align=\"left\" valign=\"top\" width=\"75%\">Veronika Polan<\/td>\n<\/tr>\n<tr class=\"odd\">\n<td class=\"headercell\" align=\"left\" valign=\"top\" width=\"25%\">Stellvertreter\/in<\/td>\n<td class=\"cell\" align=\"left\" valign=\"top\" width=\"75%\">Karina Baranyai<\/td>\n<\/tr>\n<tr class=\"even\">\n<td class=\"headercell\" align=\"left\" valign=\"top\" width=\"25%\">Rechnungspr\u00fcfer\/in<\/td>\n<td class=\"cell\" align=\"left\" valign=\"top\" width=\"75%\">Verena H\u00e4nsler<\/td>\n<\/tr>\n<tr class=\"odd\">\n<td class=\"headercell\" align=\"left\" valign=\"top\" width=\"25%\">Stellvertreter\/in<\/td>\n<td class=\"cell\" align=\"left\" valign=\"top\" width=\"75%\">Thomas H\u00e4nsler<\/td>\n<\/tr>\n<\/tbody>\n<\/table>\n<p>&nbsp;<\/p>\n<p>Wir legen gro\u00dfen Wert auf eine lebendige Schulpartnerschaft. Der Elternverein finanziert viele Projekte zum Teil oder zur G\u00e4nze: Gesunde Jause, Apfelbuffet,&#8230; Dadurch verringert sich der finanzielle Beitrag der Eltern erheblich.<\/p>\n<p>Viele Veranstaltungen werden mit einem Buffet, das der Elternverein organisiert, abgerundet. Dieses gemeinsame Tun der Eltern bei den diversen Veranstaltungen zeigt unseren Sch\u00fclerinnen und Sch\u00fclern, wie wichtig das soziale Engagement jedes Einzelnen und jeder Einzelnen ist und dass ein Zusammengeh\u00f6rigkeitsgef\u00fchl etwas sehr Sch\u00f6nes und Wertvolles beinhaltet. Soziales Lernen findet hier ohne viele Erkl\u00e4rungen statt.<\/p>\n<p>Schulautonome Beschl\u00fcsse (z. B. schulautonome Tage, Schulveranstaltungen, Projekte, Schulbuchaktion, Sammlungen, &#8230;) fassen wir gemeinsam mit den Eltern im <b>Schul- und Klassenforum<\/b>.<\/p>\n<p>Jedes Schuljahr finden in den einzelnen Klassen Sitzungen des Klassenforums statt. In diesen Sitzungen werden die aktuellen p\u00e4dagogischen Belange der Klasse besprochen und verschiedene Aktivit\u00e4ten beschlossen, sowie eine Elternvertreterin oder ein Elternvertreter und eine Stellvertreterin oder ein Stellvertreter f\u00fcr jede Klasse der Schule gew\u00e4hlt.<\/p>\n<p>&nbsp;<\/p>\n<h2><a name=\"5732129ce81192c24\"><\/a>Klassenelternvertreter<\/h2>\n<div class=\"clearer\">\u00a0<\/div>\n<table class=\"content\" width=\"100%\" cellspacing=\"1\">\n<tbody>\n<tr class=\"header\">\n<td class=\"headercell\" align=\"left\" valign=\"top\" width=\"20%\"><strong>Funktion<\/strong><\/td>\n<td class=\"headercell\" align=\"left\" valign=\"top\" width=\"20%\"><strong>1. Klasse<\/strong><\/td>\n<td class=\"headercell\" align=\"left\" valign=\"top\" width=\"20%\"><strong>2. Klasse<\/strong><\/td>\n<td class=\"headercell\" align=\"left\" valign=\"top\" width=\"20%\"><strong>3. Klasse<\/strong><\/td>\n<td class=\"headercell\" align=\"left\" valign=\"top\" width=\"20%\"><strong>4.Klasse<\/strong><\/td>\n<\/tr>\n<tr class=\"even\">\n<td class=\"headercell\" align=\"left\" valign=\"top\" width=\"20%\">Elternvertreterin<\/td>\n<td class=\"cell\" align=\"left\" valign=\"top\" width=\"20%\">Alexandra Tscheloth<\/td>\n<td class=\"cell\" align=\"left\" valign=\"top\" width=\"20%\">Angelika Ziniel<\/td>\n<td class=\"cell\" align=\"left\" valign=\"top\" width=\"20%\">Veronika Polan<\/td>\n<td class=\"cell\" align=\"left\" valign=\"top\" width=\"20%\">Verena H\u00e4nsler<\/td>\n<\/tr>\n<tr class=\"odd\">\n<td class=\"headercell\" align=\"left\" valign=\"top\" width=\"20%\">Stellvertreter\/in<\/td>\n<td class=\"cell\" align=\"left\" valign=\"top\" width=\"20%\">Victoria Wimmer<\/td>\n<td class=\"cell\" align=\"left\" valign=\"top\" width=\"20%\">Laura Guttmann<\/td>\n<td class=\"cell\" align=\"left\" valign=\"top\" width=\"20%\">Sabine Pecher<\/td>\n<td class=\"cell\" align=\"left\" valign=\"top\" width=\"20%\">Birgit Gr\u00fcnwald<\/td>\n<\/tr>\n<\/tbody>\n<\/table>\n<p>&nbsp;<\/p>\n<p>In der Sitzung des Schulforums (Lehrer und Elternvertreter) werden verbindliche Beschl\u00fcsse gefasst, die das entsprechende Schuljahr betreffen. Durch die enge Zusammenarbeit aller am Unterricht Beteiligten k\u00f6nnen die gew\u00fcnschten Ergebnisse in der Lehr- und Erziehungsarbeit erzielt und der Unterricht und die Erziehung f\u00fcr unsere Kinder kreativ und zeitgem\u00e4\u00df gestaltet werden.<\/p>\n<p><b>EIN HERZLICHES &#8222;DANKESCH\u00d6N&#8220; AN UNSERE ELTERN!<\/b><\/p>\n\n\n<figure class=\"wp-block-gallery has-nested-images columns-default is-cropped wp-block-gallery-1 is-layout-flex wp-block-gallery-is-layout-flex\">\n<figure class=\"wp-block-image size-large\"><a href=\"https:\/\/www.vs.nickelsdorf.at\/wp-content\/uploads\/f6f7cae8-b54e-43a0-bd58-cc84d6a56b9f-.jpg\" rel=\"lightbox[13]\"><img loading=\"lazy\" decoding=\"async\" width=\"1024\" height=\"865\" data-id=\"6316\" src=\"https:\/\/www.vs.nickelsdorf.at\/wp-content\/uploads\/f6f7cae8-b54e-43a0-bd58-cc84d6a56b9f--1024x865.jpg\" alt=\"\" class=\"wp-image-6316\" srcset=\"https:\/\/www.vs.nickelsdorf.at\/wp-content\/uploads\/f6f7cae8-b54e-43a0-bd58-cc84d6a56b9f--1024x865.jpg 1024w, https:\/\/www.vs.nickelsdorf.at\/wp-content\/uploads\/f6f7cae8-b54e-43a0-bd58-cc84d6a56b9f--300x253.jpg 300w, https:\/\/www.vs.nickelsdorf.at\/wp-content\/uploads\/f6f7cae8-b54e-43a0-bd58-cc84d6a56b9f--768x649.jpg 768w, https:\/\/www.vs.nickelsdorf.at\/wp-content\/uploads\/f6f7cae8-b54e-43a0-bd58-cc84d6a56b9f-.jpg 1179w\" sizes=\"auto, (max-width: 1024px) 100vw, 1024px\" \/><\/a><\/figure>\n<\/figure>\n","protected":false},"excerpt":{"rendered":"<p>&#8222;Durch das gemeinschaftliche und \u00fcbereinstimmende Handeln der Lehrer und Eltern kann allein etwas Wirksames zustande kommen.&#8220; (G.W.F. Hegel) Der Elternverein ist ein freiwilliger Zusammenschluss von Erziehungsberechtigten der Kinder einer Schule auf privatrechtlicher Basis und ist im Schulunterrichtsgesetz gesetzlich verankert. Er unterst\u00fctzt die Schule in ihrer Arbeit sowohl in finanzieller Hinsicht als auch in p\u00e4dagogischen und [&hellip;]<\/p>\n","protected":false},"author":1,"featured_media":0,"parent":0,"menu_order":0,"comment_status":"closed","ping_status":"closed","template":"","meta":{"footnotes":""},"class_list":["post-13","page","type-page","status-publish","hentry"],"_links":{"self":[{"href":"https:\/\/www.vs.nickelsdorf.at\/index.php?rest_route=\/wp\/v2\/pages\/13","targetHints":{"allow":["GET"]}}],"collection":[{"href":"https:\/\/www.vs.nickelsdorf.at\/index.php?rest_route=\/wp\/v2\/pages"}],"about":[{"href":"https:\/\/www.vs.nickelsdorf.at\/index.php?rest_route=\/wp\/v2\/types\/page"}],"author":[{"embeddable":true,"href":"https:\/\/www.vs.nickelsdorf.at\/index.php?rest_route=\/wp\/v2\/users\/1"}],"replies":[{"embeddable":true,"href":"https:\/\/www.vs.nickelsdorf.at\/index.php?rest_route=%2Fwp%2Fv2%2Fcomments&post=13"}],"version-history":[{"count":27,"href":"https:\/\/www.vs.nickelsdorf.at\/index.php?rest_route=\/wp\/v2\/pages\/13\/revisions"}],"predecessor-version":[{"id":6318,"href":"https:\/\/www.vs.nickelsdorf.at\/index.php?rest_route=\/wp\/v2\/pages\/13\/revisions\/6318"}],"wp:attachment":[{"href":"https:\/\/www.vs.nickelsdorf.at\/index.php?rest_route=%2Fwp%2Fv2%2Fmedia&parent=13"}],"curies":[{"name":"wp","href":"https:\/\/api.w.org\/{rel}","templated":true}]}}