{"id":181,"date":"2015-03-16T15:01:21","date_gmt":"2015-03-16T15:01:21","guid":{"rendered":"https:\/\/www.nickelsdorf.gv.at\/vs-neu\/?page_id=181"},"modified":"2025-10-22T16:04:41","modified_gmt":"2025-10-22T16:04:41","slug":"projekte","status":"publish","type":"page","link":"https:\/\/www.vs.nickelsdorf.at\/?page_id=181","title":{"rendered":"Projekte"},"content":{"rendered":"<h4><b>&#8222;Projektarbeit ist eine selbstst\u00e4ndige und geplante Aktivit\u00e4t aufgrund eigener Interessen der Sch\u00fcler, aus der Auseinandersetzung mit der Umwelt.&#8220;<\/b><\/h4>\n<p><a href=\"https:\/\/www.vs.nickelsdorf.at\/wp-content\/uploads\/bild_schoepfungsbild.jpg\" rel=\"lightbox[181]\"><img loading=\"lazy\" decoding=\"async\" class=\"alignleft size-medium wp-image-182\" src=\"https:\/\/www.vs.nickelsdorf.at\/wp-content\/uploads\/bild_schoepfungsbild-300x251.jpg\" alt=\"bild_schoepfungsbild\" width=\"300\" height=\"251\" srcset=\"https:\/\/www.vs.nickelsdorf.at\/wp-content\/uploads\/bild_schoepfungsbild-300x251.jpg 300w, https:\/\/www.vs.nickelsdorf.at\/wp-content\/uploads\/bild_schoepfungsbild.jpg 390w\" sizes=\"auto, (max-width: 300px) 100vw, 300px\" \/><\/a>Die Unterrichtsprojekte erm\u00f6glichen den Sch\u00fclerInnen nicht nur F\u00dcR, sondern DURCH das Leben zu lernen. Alle TeilnehmerInnen arbeiten problembezogen, f\u00e4cher\u00fcbergreifend, zielorientiert, lebensnah und handlungsorientiert, unter Einbeziehung m\u00f6glichst vieler Sinne. Das Handeln kn\u00fcpft an reale Lebenssituationen an und ber\u00fccksichtigt die Interessen und Erfahrungen der Kinder.<\/p>\n<p>&nbsp;<\/p>\n<p>&nbsp;<\/p>\n<p>&nbsp;<\/p>\n<p>&nbsp;<\/p>\n<p><a href=\"https:\/\/www.vs.nickelsdorf.at\/wp-content\/uploads\/20090304_hajogenial_02.jpg\" rel=\"lightbox[181]\"><img loading=\"lazy\" decoding=\"async\" class=\"alignleft size-medium wp-image-183\" src=\"https:\/\/www.vs.nickelsdorf.at\/wp-content\/uploads\/20090304_hajogenial_02-300x200.jpg\" alt=\"20090304_hajogenial_02\" width=\"300\" height=\"200\" srcset=\"https:\/\/www.vs.nickelsdorf.at\/wp-content\/uploads\/20090304_hajogenial_02-300x200.jpg 300w, https:\/\/www.vs.nickelsdorf.at\/wp-content\/uploads\/20090304_hajogenial_02.jpg 900w\" sizes=\"auto, (max-width: 300px) 100vw, 300px\" \/><\/a>Die Projekte bieten ein thematisch breit gestreutes Spektrum an attraktiven Lernszenarien, das sich von historischen Themen \u00fcber mathematische und technische Ph\u00e4nomene bis hin zu \u00f6kologischen Fragestellungen erstreckt. Der Ablauf wird gemeinsam geplant, durchgef\u00fchrt und dokumentiert und ist gekennzeichnet durch Mitorganisation und Mitverantwortung.<\/p>\n<p>&nbsp;<\/p>\n<p>&nbsp;<\/p>\n<p>&nbsp;<\/p>\n<h3><strong>Projekte:<\/strong><\/h3>\n<p><a title=\"Steigerung der personellen und sozialen Kompetenzen der Sch\u00fclerInnen durch Projekttage wie Waldtage und Kreativtage\" href=\"https:\/\/www.vs.nickelsdorf.at\/?page_id=1229\">Steigerung der personellen und sozialen Kompetenzen der Sch\u00fclerInnen durch verschiedenste Projekte<\/a><\/p>\n<p><a title=\"Lesenacht 3.Schulstufe\" href=\"https:\/\/www.vs.nickelsdorf.at\/?page_id=1225\">Leseabend\/nacht der 3.Schulstufe<\/a><\/p>\n<p class=\"teasertext\"><a title=\"Projekttage der 4.Schulstufe\" href=\"https:\/\/www.vs.nickelsdorf.at\/?page_id=1227\">Projekttage der 4.Schulstufe<\/a><\/p>\n<p>&nbsp;<\/p>\n","protected":false},"excerpt":{"rendered":"<p>&#8222;Projektarbeit ist eine selbstst\u00e4ndige und geplante Aktivit\u00e4t aufgrund eigener Interessen der Sch\u00fcler, aus der Auseinandersetzung mit der Umwelt.&#8220; Die Unterrichtsprojekte erm\u00f6glichen den Sch\u00fclerInnen nicht nur F\u00dcR, sondern DURCH das Leben zu lernen. Alle TeilnehmerInnen arbeiten problembezogen, f\u00e4cher\u00fcbergreifend, zielorientiert, lebensnah und handlungsorientiert, unter Einbeziehung m\u00f6glichst vieler Sinne. Das Handeln kn\u00fcpft an reale Lebenssituationen an und ber\u00fccksichtigt [&hellip;]<\/p>\n","protected":false},"author":1,"featured_media":0,"parent":0,"menu_order":0,"comment_status":"closed","ping_status":"closed","template":"","meta":{"footnotes":""},"class_list":["post-181","page","type-page","status-publish","hentry"],"_links":{"self":[{"href":"https:\/\/www.vs.nickelsdorf.at\/index.php?rest_route=\/wp\/v2\/pages\/181","targetHints":{"allow":["GET"]}}],"collection":[{"href":"https:\/\/www.vs.nickelsdorf.at\/index.php?rest_route=\/wp\/v2\/pages"}],"about":[{"href":"https:\/\/www.vs.nickelsdorf.at\/index.php?rest_route=\/wp\/v2\/types\/page"}],"author":[{"embeddable":true,"href":"https:\/\/www.vs.nickelsdorf.at\/index.php?rest_route=\/wp\/v2\/users\/1"}],"replies":[{"embeddable":true,"href":"https:\/\/www.vs.nickelsdorf.at\/index.php?rest_route=%2Fwp%2Fv2%2Fcomments&post=181"}],"version-history":[{"count":8,"href":"https:\/\/www.vs.nickelsdorf.at\/index.php?rest_route=\/wp\/v2\/pages\/181\/revisions"}],"predecessor-version":[{"id":6328,"href":"https:\/\/www.vs.nickelsdorf.at\/index.php?rest_route=\/wp\/v2\/pages\/181\/revisions\/6328"}],"wp:attachment":[{"href":"https:\/\/www.vs.nickelsdorf.at\/index.php?rest_route=%2Fwp%2Fv2%2Fmedia&parent=181"}],"curies":[{"name":"wp","href":"https:\/\/api.w.org\/{rel}","templated":true}]}}