{"id":9,"date":"2015-02-10T15:15:28","date_gmt":"2015-02-10T15:15:28","guid":{"rendered":"https:\/\/www.nickelsdorf.gv.at\/vs-neu\/?page_id=9"},"modified":"2025-09-15T11:10:37","modified_gmt":"2025-09-15T11:10:37","slug":"ueber-uns","status":"publish","type":"page","link":"https:\/\/www.vs.nickelsdorf.at\/?page_id=9","title":{"rendered":"\u00dcber uns"},"content":{"rendered":"<h3><strong>Herzlich willkommen auf den Seiten unserer Schule<\/strong><\/h3>\n<p>Lebendiger Unterricht nach zeitgem\u00e4\u00dfen Erfordernissen ist die Grundlage nach der in der Volksschule Nickelsdorf Lehrstoff unterrichtet und Werte vermittelt werden. Wir setzen alles daran, die uns anvertrauten Kinder zu m\u00fcndigen und verantwortungsbewussten Menschen heranzubilden, die ihren Platz in der Gesellschaft selbstbewusst einnehmen k\u00f6nnen.<\/p>\n<p>Die Achtung und Entwicklung der Gesamtpers\u00f6nlichkeit und die Freude an der gemeinsamen Arbeit stehen im Mittelpunkt unseres Handelns. Wir legen Wert auf ein harmonisches Miteinander und begegnen uns h\u00f6flich und respektvoll.<\/p>\n<p><img loading=\"lazy\" decoding=\"async\" class=\"alignleft size-medium wp-image-177\" src=\"https:\/\/www.vs.nickelsdorf.at\/wp-content\/uploads\/bild_volksschule_0001-198x300.jpg\" alt=\"bild_volksschule_0001\" width=\"198\" height=\"300\" srcset=\"https:\/\/www.vs.nickelsdorf.at\/wp-content\/uploads\/bild_volksschule_0001-198x300.jpg 198w, https:\/\/www.vs.nickelsdorf.at\/wp-content\/uploads\/bild_volksschule_0001.jpg 527w\" sizes=\"auto, (max-width: 198px) 100vw, 198px\" \/>Unsere Schule ist Lern- und Lebensraum. Das Schulgeb\u00e4ude wurde im Jahre 1965 erbaut und im Sommer 2005 zum ersten Mal saniert. Die\u00a0n\u00e4chste\u00a0Sanierung fand im Sommer 2015 statt. Dabei wurden die Fenster ausgetauscht und die sanit\u00e4ren Anlagen sowie die Heizung erneuert.\u00a0Seit September 2018 steht uns ein neuer Turnsaal zur Verf\u00fcgung, der uns einen modernen zeitgem\u00e4\u00dfen Turnunterricht erm\u00f6glicht und seit Sept.2020 ist die schulische Tagesbetreuung im neuerrichteten Trakt, der auch 2 Kindergartengruppen beherbergt.<\/p>\n<p>Ein gro\u00dfer Essraum mit einer modernen K\u00fcche befindet sich ebenfalls im neuen Teil unserer Schule.<\/p>\n<p>&nbsp;<\/p>\n","protected":false},"excerpt":{"rendered":"<p>Herzlich willkommen auf den Seiten unserer Schule Lebendiger Unterricht nach zeitgem\u00e4\u00dfen Erfordernissen ist die Grundlage nach der in der Volksschule Nickelsdorf Lehrstoff unterrichtet und Werte vermittelt werden. Wir setzen alles daran, die uns anvertrauten Kinder zu m\u00fcndigen und verantwortungsbewussten Menschen heranzubilden, die ihren Platz in der Gesellschaft selbstbewusst einnehmen k\u00f6nnen. Die Achtung und Entwicklung der [&hellip;]<\/p>\n","protected":false},"author":1,"featured_media":0,"parent":0,"menu_order":0,"comment_status":"closed","ping_status":"closed","template":"","meta":{"footnotes":""},"class_list":["post-9","page","type-page","status-publish","hentry"],"_links":{"self":[{"href":"https:\/\/www.vs.nickelsdorf.at\/index.php?rest_route=\/wp\/v2\/pages\/9","targetHints":{"allow":["GET"]}}],"collection":[{"href":"https:\/\/www.vs.nickelsdorf.at\/index.php?rest_route=\/wp\/v2\/pages"}],"about":[{"href":"https:\/\/www.vs.nickelsdorf.at\/index.php?rest_route=\/wp\/v2\/types\/page"}],"author":[{"embeddable":true,"href":"https:\/\/www.vs.nickelsdorf.at\/index.php?rest_route=\/wp\/v2\/users\/1"}],"replies":[{"embeddable":true,"href":"https:\/\/www.vs.nickelsdorf.at\/index.php?rest_route=%2Fwp%2Fv2%2Fcomments&post=9"}],"version-history":[{"count":15,"href":"https:\/\/www.vs.nickelsdorf.at\/index.php?rest_route=\/wp\/v2\/pages\/9\/revisions"}],"predecessor-version":[{"id":6172,"href":"https:\/\/www.vs.nickelsdorf.at\/index.php?rest_route=\/wp\/v2\/pages\/9\/revisions\/6172"}],"wp:attachment":[{"href":"https:\/\/www.vs.nickelsdorf.at\/index.php?rest_route=%2Fwp%2Fv2%2Fmedia&parent=9"}],"curies":[{"name":"wp","href":"https:\/\/api.w.org\/{rel}","templated":true}]}}